{"id":569,"date":"2020-12-18T14:57:00","date_gmt":"2020-12-18T13:57:00","guid":{"rendered":"https:\/\/www.digitrust.nl\/?page_id=569"},"modified":"2026-05-12T13:28:20","modified_gmt":"2026-05-12T11:28:20","slug":"akkreditierungs-information","status":"publish","type":"page","link":"https:\/\/www.digitrust.nl\/de\/accreditatie-informatie\/","title":{"rendered":"Akkreditierungs information"},"content":{"rendered":"<div data-elementor-type=\"wp-page\" data-elementor-id=\"569\" class=\"elementor elementor-569\" data-elementor-post-type=\"page\">\n\t\t\t\t\t\t<section data-particle_enable=\"false\" data-particle-mobile-disabled=\"false\" class=\"elementor-section elementor-top-section elementor-element elementor-element-42440248 elementor-section-boxed elementor-section-height-default elementor-section-height-default\" data-id=\"42440248\" data-element_type=\"section\" data-e-type=\"section\">\n\t\t\t\t\t\t<div class=\"elementor-container elementor-column-gap-default\">\n\t\t\t\t\t<div class=\"elementor-column elementor-col-100 elementor-top-column elementor-element elementor-element-169fcd18\" data-id=\"169fcd18\" data-element_type=\"column\" data-e-type=\"column\">\n\t\t\t<div class=\"elementor-widget-wrap elementor-element-populated\">\n\t\t\t\t\t\t<div class=\"elementor-element elementor-element-16b0373 elementor-widget elementor-widget-heading\" data-id=\"16b0373\" data-element_type=\"widget\" data-e-type=\"widget\" data-widget_type=\"heading.default\">\n\t\t\t\t<div class=\"elementor-widget-container\">\n\t\t\t\t\t<h1 class=\"elementor-heading-title elementor-size-default\">Akkreditierungs information<\/h1>\t\t\t\t<\/div>\n\t\t\t\t<\/div>\n\t\t\t\t<div class=\"elementor-element elementor-element-47bb6827 elementor-widget elementor-widget-text-editor\" data-id=\"47bb6827\" data-element_type=\"widget\" data-e-type=\"widget\" data-widget_type=\"text-editor.default\">\n\t\t\t\t<div class=\"elementor-widget-container\">\n\t\t\t\t\t\t\t\t\t<p>DigiTrust ist von der Akkreditierungsstelle (RvA) f\u00fcr die Durchf\u00fchrung von Zertifizierungsaudits gem\u00e4\u00df den Normen ISO 27001:2022 und NEN 7510-1:2024 sowie ISO 9001:2015 akkreditiert. F\u00fcr die 9001 hat DigiTrust die Akkreditierung f\u00fcr die Sektoren ICT und Business Services.<\/p><p>Sehen Sie hier die offizielle Registrierung auf der Website der RvA ein. <a href=\"https:\/\/www.rva.nl\/alle-geaccrediteerden\/c618\/\" target=\"_blank\" rel=\"noopener noreferrer\">Link<\/a><\/p><p>Eine Akkreditierungsstelle ist eine Organisation, zu deren Aufgaben es geh\u00f6rt, das Niveau der von Zertifizierungsstellen wie DigiTrust erbrachten Dienstleistungen zu \u00fcberwachen. In den Niederlanden ist dies die RvA. Die RvA hat DigiTrust das Vertrauen gegeben, dass sie Organisationen unparteiisch und unabh\u00e4ngig pr\u00fcft und zertifiziert, und zwar sowohl nach den Normen ISO 27001, NEN 7510-1 und ISO9001.<\/p><p>F\u00fcr die Durchf\u00fchrung von Audits und Zertifizierungen nach NEN 7510 ist DigiTrust in vollem Umfang akkreditiert. Dies bedeutet, dass wir sowohl <strong>Gesundheitseinrichtungen<\/strong> als <strong>Verwalter<\/strong> von Gesundheitsinformationen (IKT-Dienstleister) k\u00f6nnen ihr Managementsystem auditieren und zertifizieren.<\/p><p>Z = Pflegedienstleister<\/p><p>B = Verwalter von pers\u00f6nlichen Gesundheitsinformationen<\/p><p>Der RvA hat das Recht, an einem Audit bei einem Kunden von DigiTrust teilzunehmen. Sollte der RvA beschlie\u00dfen, ein Audit zu begleiten, k\u00f6nnen weder DigiTrust noch der Kunde dies ablehnen. Der Zweck der Teilnahme ist die Bewertung der Dienstleistungsqualit\u00e4t von DigiTrust. Der Pr\u00fcfer der Akkreditierungsstelle wird nicht in die Durchf\u00fchrung des Audits selbst einbezogen. Etwaige Kosten f\u00fcr die Anwesenheit der Akkreditierungsstelle tr\u00e4gt selbstverst\u00e4ndlich DigiTrust.<\/p><p>Selbstverst\u00e4ndlich wird DigiTrust Sie im Voraus informieren, wenn der RvA an einem Audit in Ihrer Organisation teilnehmen m\u00f6chte.<\/p><p>DigiTrust verf\u00fcgt \u00fcber Akkreditierungen nach ISO27001, NEN7510-1 und ISO9001<\/p><p>F\u00fcr die ISO 9001 besitzt DigiTrust Akkreditierungen in Sektor 33 \u2013 IT und Sektor 35 \u2013 Unternehmensdienstleistungen.<\/p><p>M\u00f6chten Sie mehr \u00fcber Schulungen zur Informationssicherheit erfahren? Bitte besuchen Sie <a href=\"https:\/\/www.digitrust.nl\/de\/kontakt\/\">Kontakt<\/a> mit den Spezialisten von DigiTrust.<\/p>\t\t\t\t\t\t\t\t<\/div>\n\t\t\t\t<\/div>\n\t\t\t\t\t<\/div>\n\t\t<\/div>\n\t\t\t\t\t<\/div>\n\t\t<\/section>\n\t\t\t\t<\/div>","protected":false},"excerpt":{"rendered":"<p>DigiTrust is door de Raad voor Accreditatie (RvA) geaccrediteerd voor het uitvoeren van certificatie audits tegen de normen ISO 27001:2022 en NEN 7510-1:2024 en de ISO9001:2015. Voor de 9001 heeft DigiTrust de accreditatie voor de sector ICT en zakelijke dienstverlening. Kijk hier voor de offici\u00eble registratie op de website van de RvA. Link Een accreditatie-instelling [&hellip;]<\/p>\n","protected":false},"author":4,"featured_media":0,"parent":0,"menu_order":0,"comment_status":"closed","ping_status":"closed","template":"","meta":{"footnotes":""},"folder":[16],"class_list":["post-569","page","type-page","status-publish","hentry"],"yoast_head":"<!-- This site is optimized with the Yoast SEO plugin v27.6 - https:\/\/yoast.com\/product\/yoast-seo-wordpress\/ -->\n<title>Accreditatie informatie | DigiTrust<\/title>\n<meta name=\"description\" content=\"DigiTrust is door de RvA geaccrediteerd voor het uitvoeren van certificatieaudits tegen de normen ISO 27001, NEN 7510-1:2017 en de ISO9001.\" \/>\n<meta name=\"robots\" content=\"index, follow, max-snippet:-1, max-image-preview:large, max-video-preview:-1\" \/>\n<link rel=\"canonical\" href=\"https:\/\/www.digitrust.nl\/de\/akkreditierungs-information\/\" \/>\n<meta property=\"og:locale\" content=\"de_DE\" \/>\n<meta property=\"og:type\" content=\"article\" \/>\n<meta property=\"og:title\" content=\"Accreditatie informatie | DigiTrust\" \/>\n<meta property=\"og:description\" content=\"DigiTrust is door de RvA geaccrediteerd voor het uitvoeren van certificatieaudits tegen de normen ISO 27001, NEN 7510-1:2017 en de ISO9001.\" \/>\n<meta property=\"og:url\" content=\"https:\/\/www.digitrust.nl\/de\/akkreditierungs-information\/\" \/>\n<meta property=\"og:site_name\" content=\"DigiTrust\" \/>\n<meta property=\"article:modified_time\" content=\"2026-05-12T11:28:20+00:00\" \/>\n<meta property=\"og:image\" content=\"https:\/\/www.digitrust.nl\/wp-content\/uploads\/2022\/05\/digitrust-favicon.jpg\" \/>\n\t<meta property=\"og:image:width\" content=\"341\" \/>\n\t<meta property=\"og:image:height\" content=\"341\" \/>\n\t<meta property=\"og:image:type\" content=\"image\/jpeg\" \/>\n<meta name=\"twitter:card\" content=\"summary_large_image\" \/>\n<meta name=\"twitter:label1\" content=\"Gesch\u00e4tzte Lesezeit\" \/>\n\t<meta name=\"twitter:data1\" content=\"2\u00a0Minuten\" \/>\n<script type=\"application\/ld+json\" class=\"yoast-schema-graph\">{\"@context\":\"https:\\\/\\\/schema.org\",\"@graph\":[{\"@type\":\"WebPage\",\"@id\":\"https:\\\/\\\/www.digitrust.nl\\\/accreditatie-informatie\\\/\",\"url\":\"https:\\\/\\\/www.digitrust.nl\\\/accreditatie-informatie\\\/\",\"name\":\"Accreditatie informatie | DigiTrust\",\"isPartOf\":{\"@id\":\"https:\\\/\\\/www.digitrust.nl\\\/#website\"},\"datePublished\":\"2020-12-18T13:57:00+00:00\",\"dateModified\":\"2026-05-12T11:28:20+00:00\",\"description\":\"DigiTrust is door de RvA geaccrediteerd voor het uitvoeren van certificatieaudits tegen de normen ISO 27001, NEN 7510-1:2017 en de ISO9001.\",\"breadcrumb\":{\"@id\":\"https:\\\/\\\/www.digitrust.nl\\\/accreditatie-informatie\\\/#breadcrumb\"},\"inLanguage\":\"de\",\"potentialAction\":[{\"@type\":\"ReadAction\",\"target\":[\"https:\\\/\\\/www.digitrust.nl\\\/accreditatie-informatie\\\/\"]}]},{\"@type\":\"BreadcrumbList\",\"@id\":\"https:\\\/\\\/www.digitrust.nl\\\/accreditatie-informatie\\\/#breadcrumb\",\"itemListElement\":[{\"@type\":\"ListItem\",\"position\":1,\"name\":\"Home\",\"item\":\"https:\\\/\\\/www.digitrust.nl\\\/\"},{\"@type\":\"ListItem\",\"position\":2,\"name\":\"Accreditatie informatie\"}]},{\"@type\":\"WebSite\",\"@id\":\"https:\\\/\\\/www.digitrust.nl\\\/#website\",\"url\":\"https:\\\/\\\/www.digitrust.nl\\\/\",\"name\":\"DigiTrust\",\"description\":\"Certificeringen\",\"publisher\":{\"@id\":\"https:\\\/\\\/www.digitrust.nl\\\/#organization\"},\"potentialAction\":[{\"@type\":\"SearchAction\",\"target\":{\"@type\":\"EntryPoint\",\"urlTemplate\":\"https:\\\/\\\/www.digitrust.nl\\\/?s={search_term_string}\"},\"query-input\":{\"@type\":\"PropertyValueSpecification\",\"valueRequired\":true,\"valueName\":\"search_term_string\"}}],\"inLanguage\":\"de\"},{\"@type\":\"Organization\",\"@id\":\"https:\\\/\\\/www.digitrust.nl\\\/#organization\",\"name\":\"DigiTrust\",\"url\":\"https:\\\/\\\/www.digitrust.nl\\\/\",\"logo\":{\"@type\":\"ImageObject\",\"inLanguage\":\"de\",\"@id\":\"https:\\\/\\\/www.digitrust.nl\\\/#\\\/schema\\\/logo\\\/image\\\/\",\"url\":\"https:\\\/\\\/www.digitrust.nl\\\/wp-content\\\/uploads\\\/2022\\\/05\\\/digitrust-favicon.jpg\",\"contentUrl\":\"https:\\\/\\\/www.digitrust.nl\\\/wp-content\\\/uploads\\\/2022\\\/05\\\/digitrust-favicon.jpg\",\"width\":341,\"height\":341,\"caption\":\"DigiTrust\"},\"image\":{\"@id\":\"https:\\\/\\\/www.digitrust.nl\\\/#\\\/schema\\\/logo\\\/image\\\/\"},\"sameAs\":[\"https:\\\/\\\/nl.linkedin.com\\\/company\\\/digitrust\"]}]}<\/script>\n<!-- \/ Yoast SEO plugin. -->","yoast_head_json":{"title":"Informationen zur Akkreditierung | DigiTrust","description":"DigiTrust ist von der RvA f\u00fcr die Durchf\u00fchrung von Zertifizierungsaudits nach den Normen ISO 27001, NEN 7510-1:2017 und ISO9001 akkreditiert.","robots":{"index":"index","follow":"follow","max-snippet":"max-snippet:-1","max-image-preview":"max-image-preview:large","max-video-preview":"max-video-preview:-1"},"canonical":"https:\/\/www.digitrust.nl\/de\/akkreditierungs-information\/","og_locale":"de_DE","og_type":"article","og_title":"Accreditatie informatie | DigiTrust","og_description":"DigiTrust is door de RvA geaccrediteerd voor het uitvoeren van certificatieaudits tegen de normen ISO 27001, NEN 7510-1:2017 en de ISO9001.","og_url":"https:\/\/www.digitrust.nl\/de\/akkreditierungs-information\/","og_site_name":"DigiTrust","article_modified_time":"2026-05-12T11:28:20+00:00","og_image":[{"width":341,"height":341,"url":"https:\/\/www.digitrust.nl\/wp-content\/uploads\/2022\/05\/digitrust-favicon.jpg","type":"image\/jpeg"}],"twitter_card":"summary_large_image","twitter_misc":{"Gesch\u00e4tzte Lesezeit":"2\u00a0Minuten"},"schema":{"@context":"https:\/\/schema.org","@graph":[{"@type":"WebPage","@id":"https:\/\/www.digitrust.nl\/accreditatie-informatie\/","url":"https:\/\/www.digitrust.nl\/accreditatie-informatie\/","name":"Informationen zur Akkreditierung | DigiTrust","isPartOf":{"@id":"https:\/\/www.digitrust.nl\/#website"},"datePublished":"2020-12-18T13:57:00+00:00","dateModified":"2026-05-12T11:28:20+00:00","description":"DigiTrust ist von der RvA f\u00fcr die Durchf\u00fchrung von Zertifizierungsaudits nach den Normen ISO 27001, NEN 7510-1:2017 und ISO9001 akkreditiert.","breadcrumb":{"@id":"https:\/\/www.digitrust.nl\/accreditatie-informatie\/#breadcrumb"},"inLanguage":"de","potentialAction":[{"@type":"ReadAction","target":["https:\/\/www.digitrust.nl\/accreditatie-informatie\/"]}]},{"@type":"BreadcrumbList","@id":"https:\/\/www.digitrust.nl\/accreditatie-informatie\/#breadcrumb","itemListElement":[{"@type":"ListItem","position":1,"name":"Home","item":"https:\/\/www.digitrust.nl\/"},{"@type":"ListItem","position":2,"name":"Accreditatie informatie"}]},{"@type":"WebSite","@id":"https:\/\/www.digitrust.nl\/#website","url":"https:\/\/www.digitrust.nl\/","name":"DigiTrust","description":"Zertifizierungen","publisher":{"@id":"https:\/\/www.digitrust.nl\/#organization"},"potentialAction":[{"@type":"SearchAction","target":{"@type":"EntryPoint","urlTemplate":"https:\/\/www.digitrust.nl\/?s={search_term_string}"},"query-input":{"@type":"PropertyValueSpecification","valueRequired":true,"valueName":"search_term_string"}}],"inLanguage":"de"},{"@type":"Organization","@id":"https:\/\/www.digitrust.nl\/#organization","name":"DigiTrust","url":"https:\/\/www.digitrust.nl\/","logo":{"@type":"ImageObject","inLanguage":"de","@id":"https:\/\/www.digitrust.nl\/#\/schema\/logo\/image\/","url":"https:\/\/www.digitrust.nl\/wp-content\/uploads\/2022\/05\/digitrust-favicon.jpg","contentUrl":"https:\/\/www.digitrust.nl\/wp-content\/uploads\/2022\/05\/digitrust-favicon.jpg","width":341,"height":341,"caption":"DigiTrust"},"image":{"@id":"https:\/\/www.digitrust.nl\/#\/schema\/logo\/image\/"},"sameAs":["https:\/\/nl.linkedin.com\/company\/digitrust"]}]}},"_links":{"self":[{"href":"https:\/\/www.digitrust.nl\/de\/wp-json\/wp\/v2\/pages\/569","targetHints":{"allow":["GET"]}}],"collection":[{"href":"https:\/\/www.digitrust.nl\/de\/wp-json\/wp\/v2\/pages"}],"about":[{"href":"https:\/\/www.digitrust.nl\/de\/wp-json\/wp\/v2\/types\/page"}],"author":[{"embeddable":true,"href":"https:\/\/www.digitrust.nl\/de\/wp-json\/wp\/v2\/users\/4"}],"replies":[{"embeddable":true,"href":"https:\/\/www.digitrust.nl\/de\/wp-json\/wp\/v2\/comments?post=569"}],"version-history":[{"count":17,"href":"https:\/\/www.digitrust.nl\/de\/wp-json\/wp\/v2\/pages\/569\/revisions"}],"predecessor-version":[{"id":33482,"href":"https:\/\/www.digitrust.nl\/de\/wp-json\/wp\/v2\/pages\/569\/revisions\/33482"}],"wp:attachment":[{"href":"https:\/\/www.digitrust.nl\/de\/wp-json\/wp\/v2\/media?parent=569"}],"wp:term":[{"taxonomy":"folder","embeddable":true,"href":"https:\/\/www.digitrust.nl\/de\/wp-json\/wp\/v2\/folder?post=569"}],"curies":[{"name":"wp","href":"https:\/\/api.w.org\/{rel}","templated":true}]}}