{"id":12060,"date":"2022-08-02T09:30:30","date_gmt":"2022-08-02T07:30:30","guid":{"rendered":"https:\/\/www.digitrust.nl\/?page_id=12060"},"modified":"2023-11-30T16:04:31","modified_gmt":"2023-11-30T15:04:31","slug":"iso-27017-schulung","status":"publish","type":"page","link":"https:\/\/www.digitrust.nl\/de\/trainingen\/iso-27017-training\/","title":{"rendered":"ISO 27017-Schulung"},"content":{"rendered":"<div data-elementor-type=\"wp-page\" data-elementor-id=\"12060\" class=\"elementor elementor-12060\" data-elementor-post-type=\"page\">\n\t\t\t\t\t\t<section data-particle_enable=\"false\" data-particle-mobile-disabled=\"false\" class=\"elementor-section elementor-top-section elementor-element elementor-element-49f4be32 elementor-section-height-min-height elementor-section-items-top elementor-section-content-space-evenly elementor-section-stretched elementor-section-full_width elementor-section-height-default\" data-id=\"49f4be32\" data-element_type=\"section\" data-e-type=\"section\" data-settings=\"{&quot;background_background&quot;:&quot;classic&quot;,&quot;stretch_section&quot;:&quot;section-stretched&quot;}\">\n\t\t\t\t\t\t<div class=\"elementor-container elementor-column-gap-no\">\n\t\t\t\t\t<div class=\"elementor-column elementor-col-50 elementor-top-column elementor-element elementor-element-67bd8547\" data-id=\"67bd8547\" data-element_type=\"column\" data-e-type=\"column\">\n\t\t\t<div class=\"elementor-widget-wrap elementor-element-populated\">\n\t\t\t\t\t\t<section data-particle_enable=\"false\" data-particle-mobile-disabled=\"false\" class=\"elementor-section elementor-inner-section elementor-element elementor-element-7c4d0ce2 elementor-section-height-min-height elementor-section-boxed elementor-section-height-default\" data-id=\"7c4d0ce2\" data-element_type=\"section\" data-e-type=\"section\" id=\"inner-section\" data-settings=\"{&quot;background_background&quot;:&quot;classic&quot;}\">\n\t\t\t\t\t\t<div class=\"elementor-container elementor-column-gap-narrow\">\n\t\t\t\t\t<div class=\"elementor-column elementor-col-100 elementor-inner-column elementor-element elementor-element-548ac0d5\" data-id=\"548ac0d5\" data-element_type=\"column\" data-e-type=\"column\" id=\"custom-margin\">\n\t\t\t<div class=\"elementor-widget-wrap elementor-element-populated\">\n\t\t\t\t\t\t<div class=\"elementor-element elementor-element-72f17231 elementor-widget elementor-widget-heading\" data-id=\"72f17231\" data-element_type=\"widget\" data-e-type=\"widget\" data-widget_type=\"heading.default\">\n\t\t\t\t<div class=\"elementor-widget-container\">\n\t\t\t\t\t<h1 class=\"elementor-heading-title elementor-size-default\">ISO 27017 Schulung - Sicherheit in der Cloud<span style=\"color: var( --e-global-color-59840b4 );font-family: var( --e-global-typography-primary-font-family ), Sans-serif;font-size: var( --e-global-typography-primary-font-size );font-weight: var( --e-global-typography-primary-font-weight );letter-spacing: var( --e-global-typography-primary-letter-spacing );background-color: var( --e-global-color-primary )\"><\/span><br><\/h1>\t\t\t\t<\/div>\n\t\t\t\t<\/div>\n\t\t\t\t<div class=\"elementor-element elementor-element-7c38fbf9 elementor-widget elementor-widget-text-editor\" data-id=\"7c38fbf9\" data-element_type=\"widget\" data-e-type=\"widget\" data-widget_type=\"text-editor.default\">\n\t\t\t\t<div class=\"elementor-widget-container\">\n\t\t\t\t\t\t\t\t\t<p><em>\"Einer der Auditoren von DigiTrust wird Ihnen diese Norm im Detail erkl\u00e4ren.\" Das lernen Sie in einem ISO 27017-Schulungskurs von DigiTrust.<\/em><\/p>\t\t\t\t\t\t\t\t<\/div>\n\t\t\t\t<\/div>\n\t\t\t\t<div class=\"elementor-element elementor-element-406f07a5 elementor-widget elementor-widget-button\" data-id=\"406f07a5\" data-element_type=\"widget\" data-e-type=\"widget\" data-widget_type=\"button.default\">\n\t\t\t\t<div class=\"elementor-widget-container\">\n\t\t\t\t\t\t\t\t\t<div class=\"elementor-button-wrapper\">\n\t\t\t\t\t<a class=\"elementor-button elementor-button-link elementor-size-sm\" href=\"https:\/\/www.digitrust.nl\/de\/kontakt\/\">\n\t\t\t\t\t\t<span class=\"elementor-button-content-wrapper\">\n\t\t\t\t\t\t\t\t\t<span class=\"elementor-button-text\">Anmeldung zur Schulung<\/span>\n\t\t\t\t\t<\/span>\n\t\t\t\t\t<\/a>\n\t\t\t\t<\/div>\n\t\t\t\t\t\t\t\t<\/div>\n\t\t\t\t<\/div>\n\t\t\t\t\t<\/div>\n\t\t<\/div>\n\t\t\t\t\t<\/div>\n\t\t<\/section>\n\t\t\t\t\t<\/div>\n\t\t<\/div>\n\t\t\t\t<div class=\"elementor-column elementor-col-50 elementor-top-column elementor-element elementor-element-13df0317\" data-id=\"13df0317\" data-element_type=\"column\" data-e-type=\"column\" data-settings=\"{&quot;background_background&quot;:&quot;classic&quot;}\">\n\t\t\t<div class=\"elementor-widget-wrap elementor-element-populated\">\n\t\t\t\t\t\t<div class=\"elementor-element elementor-element-635e92aa elementor-widget elementor-widget-image\" data-id=\"635e92aa\" data-element_type=\"widget\" data-e-type=\"widget\" data-widget_type=\"image.default\">\n\t\t\t\t<div class=\"elementor-widget-container\">\n\t\t\t\t\t\t\t\t\t\t\t\t\t\t\t<img fetchpriority=\"high\" decoding=\"async\" width=\"1536\" height=\"1152\" src=\"https:\/\/www.digitrust.nl\/wp-content\/uploads\/2022\/07\/IMG_4910-1536x1152.jpg\" class=\"attachment-1536x1536 size-1536x1536 wp-image-11617\" alt=\"DigiTrust - ISO 27001-Schulung\" srcset=\"https:\/\/www.digitrust.nl\/wp-content\/uploads\/2022\/07\/IMG_4910-1536x1152.jpg 1536w, https:\/\/www.digitrust.nl\/wp-content\/uploads\/2022\/07\/IMG_4910-300x225.jpg 300w, https:\/\/www.digitrust.nl\/wp-content\/uploads\/2022\/07\/IMG_4910-1024x768.jpg 1024w, https:\/\/www.digitrust.nl\/wp-content\/uploads\/2022\/07\/IMG_4910-768x576.jpg 768w, https:\/\/www.digitrust.nl\/wp-content\/uploads\/2022\/07\/IMG_4910-2048x1536.jpg 2048w\" sizes=\"(max-width: 1536px) 100vw, 1536px\" \/>\t\t\t\t\t\t\t\t\t\t\t\t\t\t\t<\/div>\n\t\t\t\t<\/div>\n\t\t\t\t\t<\/div>\n\t\t<\/div>\n\t\t\t\t\t<\/div>\n\t\t<\/section>\n\t\t\t\t<section data-particle_enable=\"false\" data-particle-mobile-disabled=\"false\" class=\"elementor-section elementor-top-section elementor-element elementor-element-54f06f2a elementor-section-boxed elementor-section-height-default elementor-section-height-default\" data-id=\"54f06f2a\" data-element_type=\"section\" data-e-type=\"section\">\n\t\t\t\t\t\t<div class=\"elementor-container elementor-column-gap-default\">\n\t\t\t\t\t<div class=\"elementor-column elementor-col-100 elementor-top-column elementor-element elementor-element-710696cb\" data-id=\"710696cb\" data-element_type=\"column\" data-e-type=\"column\">\n\t\t\t<div class=\"elementor-widget-wrap elementor-element-populated\">\n\t\t\t\t\t\t<div class=\"elementor-element elementor-element-39dce9ed elementor-widget elementor-widget-heading\" data-id=\"39dce9ed\" data-element_type=\"widget\" data-e-type=\"widget\" id=\"watis\" data-widget_type=\"heading.default\">\n\t\t\t\t<div class=\"elementor-widget-container\">\n\t\t\t\t\t<h2 class=\"elementor-heading-title elementor-size-default\">Schulung ISO 27017 - Sicherheit in der Cloud<\/h2>\t\t\t\t<\/div>\n\t\t\t\t<\/div>\n\t\t\t\t<div class=\"elementor-element elementor-element-1ac07ae3 elementor-widget elementor-widget-text-editor\" data-id=\"1ac07ae3\" data-element_type=\"widget\" data-e-type=\"widget\" data-widget_type=\"text-editor.default\">\n\t\t\t\t<div class=\"elementor-widget-container\">\n\t\t\t\t\t\t\t\t\t<p>Die ISO 27017 stellt Anforderungen an Cloud-Anbieter, aber auch an die Kunden dieser Cloud-Dienste. Die Norm enth\u00e4lt Cloud-spezifische Kontrollma\u00dfnahmen, unabh\u00e4ngig davon, welche Art von Daten verarbeitet wird. Die Norm spricht von \"Cloud-Service-Kunden\" und von \"Cloud-Service-Anbietern\". Sowohl f\u00fcr den Kunden als auch f\u00fcr den Anbieter werden spezifische und generische Anforderungen definiert. Die ISO 27017 hat 37 Anforderungen zus\u00e4tzlich zu den Kontrollma\u00dfnahmen der ISO27002 und sieben weitere Ma\u00dfnahmen festgelegt.<\/p>\n<p>Nach dieser Schulung werden Sie in der Lage sein, diese in Ihrer Organisation anzuwenden. Sie erfahren, was die ISO 27017 beinhaltet und erhalten einen Einblick, inwieweit Ihre Organisation die Norm ISO 27017 bereits erf\u00fcllt.&nbsp;<\/p>\n<h4>F\u00fcr wen ist diese Schulung gedacht?<\/h4>\n<p>Diese eint\u00e4gige Schulung richtet sich an Mitarbeiter, die z. B. Kenntnisse \u00fcber ISO 27017 erwerben m\u00f6chten:<\/p>\n<ul>\n<li>(Information) Sicherheitsbeauftragte;<\/li>\n<li>Projektleiter;<\/li>\n<li>IT-Manager;<\/li>\n<li>Risiko- und Compliance-Manager;<\/li>\n<li>Berater f\u00fcr Informationssicherheit.<\/li>\n<\/ul>\n<h4>Lernziele<\/h4>\n<p>Ziel des Kurses ist es, die Teilnehmer mit der Norm ISO 27017 vertraut zu machen.&nbsp;<\/p>\n<h4>Voraussetzungen f\u00fcr diese Ausbildung<\/h4>\n<p>F\u00fcr diesen Kurs gibt es keine Zulassungsvoraussetzungen.<\/p>\n<h4>Kosten der Ausbildung&nbsp;<\/h4>\n<p>Eine Aufschl\u00fcsselung der Kosten f\u00fcr diese Schulung ist auf Anfrage erh\u00e4ltlich. Abh\u00e4ngig von der Anzahl der Teilnehmer und Ihren spezifischen Bed\u00fcrfnissen und Anforderungen erstellen wir Ihnen ein entsprechendes Angebot.<\/p>\n<h4>Datum der Ausbildung<\/h4>\n<p>Der Schulungstermin wird mit Ihnen auf der Grundlage Ihrer Verf\u00fcgbarkeit und der unserer leitenden Pr\u00fcfer\/Schulungsleiter vereinbart.<\/p>\n<p>M\u00f6chten Sie mehr \u00fcber Informationssicherheit und unsere Schulungskurse erfahren?&nbsp;<a href=\"https:\/\/www.digitrust.nl\/de\/kontakt\/\">Dann kontaktieren Sie DigiTrust<\/a><\/p>\n<p><\/p>\n<p><a href=\"https:\/\/www.nen.nl\/\">Lesen Sie hier mehr<\/a> Zum Erwerb der Norm ISO 27017.&nbsp;<\/p>\t\t\t\t\t\t\t\t<\/div>\n\t\t\t\t<\/div>\n\t\t\t\t\t<\/div>\n\t\t<\/div>\n\t\t\t\t\t<\/div>\n\t\t<\/section>\n\t\t\t\t<section data-particle_enable=\"false\" data-particle-mobile-disabled=\"false\" class=\"elementor-section elementor-top-section elementor-element elementor-element-7bee91e elementor-section-content-space-around elementor-section-boxed elementor-section-height-default elementor-section-height-default\" data-id=\"7bee91e\" data-element_type=\"section\" data-e-type=\"section\" data-settings=\"{&quot;background_background&quot;:&quot;classic&quot;}\">\n\t\t\t\t\t\t<div class=\"elementor-container elementor-column-gap-default\">\n\t\t\t\t\t<div class=\"elementor-column elementor-col-50 elementor-top-column elementor-element elementor-element-2d60230b\" data-id=\"2d60230b\" data-element_type=\"column\" data-e-type=\"column\">\n\t\t\t<div class=\"elementor-widget-wrap elementor-element-populated\">\n\t\t\t\t\t\t<div class=\"elementor-element elementor-element-4caf63e4 elementor-widget elementor-widget-heading\" data-id=\"4caf63e4\" data-element_type=\"widget\" data-e-type=\"widget\" data-widget_type=\"heading.default\">\n\t\t\t\t<div class=\"elementor-widget-container\">\n\t\t\t\t\t<h2 class=\"elementor-heading-title elementor-size-default\">Haben Sie Fragen zu dieser Ausbildung?\nOder neugierig auf die M\u00f6glichkeiten?<\/h2>\t\t\t\t<\/div>\n\t\t\t\t<\/div>\n\t\t\t\t<div class=\"elementor-element elementor-element-704e2c1 elementor-widget elementor-widget-text-editor\" data-id=\"704e2c1\" data-element_type=\"widget\" data-e-type=\"widget\" data-widget_type=\"text-editor.default\">\n\t\t\t\t<div class=\"elementor-widget-container\">\n\t\t\t\t\t\t\t\t\t<p>Unsere Spezialisten erz\u00e4hlen Ihnen gerne mehr dar\u00fcber. Rufen Sie uns an unter <a href=\"tel:088-224 56 00\">088-224 56 00<\/a>senden Sie uns bitte eine E-Mail an\u00a0<a href=\"mailto:info@digitrust.nl\">sales@digitrust.nl<\/a>\u00a0oder nutzen Sie unser Online-Kontaktformular. Wir besuchen Sie gerne f\u00fcr ein unverbindliches Kennenlernen.<\/p>\t\t\t\t\t\t\t\t<\/div>\n\t\t\t\t<\/div>\n\t\t\t\t<div class=\"elementor-element elementor-element-1b52988f elementor-align-left elementor-widget elementor-widget-button\" data-id=\"1b52988f\" data-element_type=\"widget\" data-e-type=\"widget\" data-widget_type=\"button.default\">\n\t\t\t\t<div class=\"elementor-widget-container\">\n\t\t\t\t\t\t\t\t\t<div class=\"elementor-button-wrapper\">\n\t\t\t\t\t<a class=\"elementor-button elementor-button-link elementor-size-sm\" href=\"https:\/\/www.digitrust.nl\/de\/kontakt\/\">\n\t\t\t\t\t\t<span class=\"elementor-button-content-wrapper\">\n\t\t\t\t\t\t\t\t\t<span class=\"elementor-button-text\">Kontaktieren Sie uns unverbindlich<\/span>\n\t\t\t\t\t<\/span>\n\t\t\t\t\t<\/a>\n\t\t\t\t<\/div>\n\t\t\t\t\t\t\t\t<\/div>\n\t\t\t\t<\/div>\n\t\t\t\t<div class=\"elementor-element elementor-element-2ed516f0 elementor-widget elementor-widget-text-editor\" data-id=\"2ed516f0\" data-element_type=\"widget\" data-e-type=\"widget\" data-widget_type=\"text-editor.default\">\n\t\t\t\t<div class=\"elementor-widget-container\">\n\t\t\t\t\t\t\t\t\t<p style=\"text-align: left;\"><em>oder rufen Sie einen unserer Spezialisten an<\/em><\/p>\t\t\t\t\t\t\t\t<\/div>\n\t\t\t\t<\/div>\n\t\t\t\t<div class=\"elementor-element elementor-element-63b8fa59 elementor-align-left elementor-widget elementor-widget-button\" data-id=\"63b8fa59\" data-element_type=\"widget\" data-e-type=\"widget\" data-widget_type=\"button.default\">\n\t\t\t\t<div class=\"elementor-widget-container\">\n\t\t\t\t\t\t\t\t\t<div class=\"elementor-button-wrapper\">\n\t\t\t\t\t<a class=\"elementor-button elementor-button-link elementor-size-sm\" href=\"tel:088-2245600\">\n\t\t\t\t\t\t<span class=\"elementor-button-content-wrapper\">\n\t\t\t\t\t\t<span class=\"elementor-button-icon\">\n\t\t\t\t<i aria-hidden=\"true\" class=\"fas fa-phone\"><\/i>\t\t\t<\/span>\n\t\t\t\t\t\t\t\t\t<span class=\"elementor-button-text\">088-2245600<\/span>\n\t\t\t\t\t<\/span>\n\t\t\t\t\t<\/a>\n\t\t\t\t<\/div>\n\t\t\t\t\t\t\t\t<\/div>\n\t\t\t\t<\/div>\n\t\t\t\t\t<\/div>\n\t\t<\/div>\n\t\t\t\t<div class=\"elementor-column elementor-col-50 elementor-top-column elementor-element elementor-element-15254c6c\" data-id=\"15254c6c\" data-element_type=\"column\" data-e-type=\"column\">\n\t\t\t<div class=\"elementor-widget-wrap elementor-element-populated\">\n\t\t\t\t\t\t\t<\/div>\n\t\t<\/div>\n\t\t\t\t\t<\/div>\n\t\t<\/section>\n\t\t\t\t<\/div>","protected":false},"excerpt":{"rendered":"<p>ISO 27017 Training \u2013 Cloud beveiliging \u201cEen van de\u00a0eigen\u00a0DigiTrust auditoren legt u deze norm haarfijn uit.\u201d Dit is wat u leert in een ISO 27017 training van DigiTrust. Aanmelden voor de training Training ISO 27017 \u2013 Cloud beveiliging De ISO 27017 stelt eisen aan de cloud-leveranciers maar ook aan de afnemers van deze clouddiensten. De [&hellip;]<\/p>\n","protected":false},"author":29,"featured_media":0,"parent":333,"menu_order":0,"comment_status":"closed","ping_status":"closed","template":"","meta":{"_improvement_type_select":"improve_an_existing","_thumb_yes_seoaic":false,"_frame_yes_seoaic":false,"seoaic_generate_description":"","seoaic_improve_instructions_prompt":"","seoaic_rollback_content_improvement":"","seoaic_idea_thumbnail_generator":"","thumbnail_generated":false,"thumbnail_generate_prompt":"","seoaic_article_description":"","footnotes":""},"folder":[16],"class_list":["post-12060","page","type-page","status-publish","hentry"],"yoast_head":"<!-- This site is optimized with the Yoast SEO plugin v27.4 - https:\/\/yoast.com\/product\/yoast-seo-wordpress\/ -->\n<title>ISO 27017 Training | DigiTrust<\/title>\n<meta name=\"description\" content=\"Met een \u00e9\u00e9ndaagse ISO 27017 training leren uw medewerkers de belangrijkste beginselen uit de ISO 27001 en ISO 27017 norm.\" \/>\n<meta name=\"robots\" content=\"index, follow, max-snippet:-1, max-image-preview:large, max-video-preview:-1\" \/>\n<link rel=\"canonical\" href=\"https:\/\/www.digitrust.nl\/de\/ausbildungen\/iso-27017-schulung\/\" \/>\n<meta property=\"og:locale\" content=\"de_DE\" \/>\n<meta property=\"og:type\" content=\"article\" \/>\n<meta property=\"og:title\" content=\"ISO 27017 Training | DigiTrust\" \/>\n<meta property=\"og:description\" content=\"Met een \u00e9\u00e9ndaagse ISO 27017 training leren uw medewerkers de belangrijkste beginselen uit de ISO 27001 en ISO 27017 norm.\" \/>\n<meta property=\"og:url\" content=\"https:\/\/www.digitrust.nl\/de\/ausbildungen\/iso-27017-schulung\/\" \/>\n<meta property=\"og:site_name\" content=\"DigiTrust\" \/>\n<meta property=\"article:modified_time\" content=\"2023-11-30T15:04:31+00:00\" \/>\n<meta property=\"og:image\" content=\"https:\/\/www.digitrust.nl\/wp-content\/uploads\/2022\/07\/IMG_4910-1536x1152.jpg\" \/>\n<meta name=\"twitter:card\" content=\"summary_large_image\" \/>\n<meta name=\"twitter:label1\" content=\"Gesch\u00e4tzte Lesezeit\" \/>\n\t<meta name=\"twitter:data1\" content=\"2\u00a0Minuten\" \/>\n<script type=\"application\/ld+json\" class=\"yoast-schema-graph\">{\"@context\":\"https:\\\/\\\/schema.org\",\"@graph\":[{\"@type\":\"WebPage\",\"@id\":\"https:\\\/\\\/www.digitrust.nl\\\/trainingen\\\/iso-27017-training\\\/\",\"url\":\"https:\\\/\\\/www.digitrust.nl\\\/trainingen\\\/iso-27017-training\\\/\",\"name\":\"ISO 27017 Training | DigiTrust\",\"isPartOf\":{\"@id\":\"https:\\\/\\\/www.digitrust.nl\\\/#website\"},\"primaryImageOfPage\":{\"@id\":\"https:\\\/\\\/www.digitrust.nl\\\/trainingen\\\/iso-27017-training\\\/#primaryimage\"},\"image\":{\"@id\":\"https:\\\/\\\/www.digitrust.nl\\\/trainingen\\\/iso-27017-training\\\/#primaryimage\"},\"thumbnailUrl\":\"https:\\\/\\\/www.digitrust.nl\\\/wp-content\\\/uploads\\\/2022\\\/07\\\/IMG_4910-1536x1152.jpg\",\"datePublished\":\"2022-08-02T07:30:30+00:00\",\"dateModified\":\"2023-11-30T15:04:31+00:00\",\"description\":\"Met een \u00e9\u00e9ndaagse ISO 27017 training leren uw medewerkers de belangrijkste beginselen uit de ISO 27001 en ISO 27017 norm.\",\"breadcrumb\":{\"@id\":\"https:\\\/\\\/www.digitrust.nl\\\/trainingen\\\/iso-27017-training\\\/#breadcrumb\"},\"inLanguage\":\"de\",\"potentialAction\":[{\"@type\":\"ReadAction\",\"target\":[\"https:\\\/\\\/www.digitrust.nl\\\/trainingen\\\/iso-27017-training\\\/\"]}]},{\"@type\":\"ImageObject\",\"inLanguage\":\"de\",\"@id\":\"https:\\\/\\\/www.digitrust.nl\\\/trainingen\\\/iso-27017-training\\\/#primaryimage\",\"url\":\"https:\\\/\\\/www.digitrust.nl\\\/wp-content\\\/uploads\\\/2022\\\/07\\\/IMG_4910-1536x1152.jpg\",\"contentUrl\":\"https:\\\/\\\/www.digitrust.nl\\\/wp-content\\\/uploads\\\/2022\\\/07\\\/IMG_4910-1536x1152.jpg\"},{\"@type\":\"BreadcrumbList\",\"@id\":\"https:\\\/\\\/www.digitrust.nl\\\/trainingen\\\/iso-27017-training\\\/#breadcrumb\",\"itemListElement\":[{\"@type\":\"ListItem\",\"position\":1,\"name\":\"Home\",\"item\":\"https:\\\/\\\/www.digitrust.nl\\\/\"},{\"@type\":\"ListItem\",\"position\":2,\"name\":\"Trainingen\",\"item\":\"https:\\\/\\\/www.digitrust.nl\\\/trainingen\\\/\"},{\"@type\":\"ListItem\",\"position\":3,\"name\":\"ISO 27017 Training\"}]},{\"@type\":\"WebSite\",\"@id\":\"https:\\\/\\\/www.digitrust.nl\\\/#website\",\"url\":\"https:\\\/\\\/www.digitrust.nl\\\/\",\"name\":\"DigiTrust\",\"description\":\"Certificeringen\",\"publisher\":{\"@id\":\"https:\\\/\\\/www.digitrust.nl\\\/#organization\"},\"potentialAction\":[{\"@type\":\"SearchAction\",\"target\":{\"@type\":\"EntryPoint\",\"urlTemplate\":\"https:\\\/\\\/www.digitrust.nl\\\/?s={search_term_string}\"},\"query-input\":{\"@type\":\"PropertyValueSpecification\",\"valueRequired\":true,\"valueName\":\"search_term_string\"}}],\"inLanguage\":\"de\"},{\"@type\":\"Organization\",\"@id\":\"https:\\\/\\\/www.digitrust.nl\\\/#organization\",\"name\":\"DigiTrust\",\"url\":\"https:\\\/\\\/www.digitrust.nl\\\/\",\"logo\":{\"@type\":\"ImageObject\",\"inLanguage\":\"de\",\"@id\":\"https:\\\/\\\/www.digitrust.nl\\\/#\\\/schema\\\/logo\\\/image\\\/\",\"url\":\"https:\\\/\\\/www.digitrust.nl\\\/wp-content\\\/uploads\\\/2022\\\/05\\\/digitrust-favicon.jpg\",\"contentUrl\":\"https:\\\/\\\/www.digitrust.nl\\\/wp-content\\\/uploads\\\/2022\\\/05\\\/digitrust-favicon.jpg\",\"width\":341,\"height\":341,\"caption\":\"DigiTrust\"},\"image\":{\"@id\":\"https:\\\/\\\/www.digitrust.nl\\\/#\\\/schema\\\/logo\\\/image\\\/\"},\"sameAs\":[\"https:\\\/\\\/nl.linkedin.com\\\/company\\\/digitrust\"]}]}<\/script>\n<!-- \/ Yoast SEO plugin. -->","yoast_head_json":{"title":"ISO 27017-Schulung | DigiTrust","description":"In einer eint\u00e4gigen ISO 27017-Schulung lernen Ihre Mitarbeiter die wichtigsten Grunds\u00e4tze der Normen ISO 27001 und ISO 27017 kennen.","robots":{"index":"index","follow":"follow","max-snippet":"max-snippet:-1","max-image-preview":"max-image-preview:large","max-video-preview":"max-video-preview:-1"},"canonical":"https:\/\/www.digitrust.nl\/de\/ausbildungen\/iso-27017-schulung\/","og_locale":"de_DE","og_type":"article","og_title":"ISO 27017 Training | DigiTrust","og_description":"Met een \u00e9\u00e9ndaagse ISO 27017 training leren uw medewerkers de belangrijkste beginselen uit de ISO 27001 en ISO 27017 norm.","og_url":"https:\/\/www.digitrust.nl\/de\/ausbildungen\/iso-27017-schulung\/","og_site_name":"DigiTrust","article_modified_time":"2023-11-30T15:04:31+00:00","og_image":[{"url":"https:\/\/www.digitrust.nl\/wp-content\/uploads\/2022\/07\/IMG_4910-1536x1152.jpg","type":"","width":"","height":""}],"twitter_card":"summary_large_image","twitter_misc":{"Gesch\u00e4tzte Lesezeit":"2\u00a0Minuten"},"schema":{"@context":"https:\/\/schema.org","@graph":[{"@type":"WebPage","@id":"https:\/\/www.digitrust.nl\/trainingen\/iso-27017-training\/","url":"https:\/\/www.digitrust.nl\/trainingen\/iso-27017-training\/","name":"ISO 27017-Schulung | DigiTrust","isPartOf":{"@id":"https:\/\/www.digitrust.nl\/#website"},"primaryImageOfPage":{"@id":"https:\/\/www.digitrust.nl\/trainingen\/iso-27017-training\/#primaryimage"},"image":{"@id":"https:\/\/www.digitrust.nl\/trainingen\/iso-27017-training\/#primaryimage"},"thumbnailUrl":"https:\/\/www.digitrust.nl\/wp-content\/uploads\/2022\/07\/IMG_4910-1536x1152.jpg","datePublished":"2022-08-02T07:30:30+00:00","dateModified":"2023-11-30T15:04:31+00:00","description":"In einer eint\u00e4gigen ISO 27017-Schulung lernen Ihre Mitarbeiter die wichtigsten Grunds\u00e4tze der Normen ISO 27001 und ISO 27017 kennen.","breadcrumb":{"@id":"https:\/\/www.digitrust.nl\/trainingen\/iso-27017-training\/#breadcrumb"},"inLanguage":"de","potentialAction":[{"@type":"ReadAction","target":["https:\/\/www.digitrust.nl\/trainingen\/iso-27017-training\/"]}]},{"@type":"ImageObject","inLanguage":"de","@id":"https:\/\/www.digitrust.nl\/trainingen\/iso-27017-training\/#primaryimage","url":"https:\/\/www.digitrust.nl\/wp-content\/uploads\/2022\/07\/IMG_4910-1536x1152.jpg","contentUrl":"https:\/\/www.digitrust.nl\/wp-content\/uploads\/2022\/07\/IMG_4910-1536x1152.jpg"},{"@type":"BreadcrumbList","@id":"https:\/\/www.digitrust.nl\/trainingen\/iso-27017-training\/#breadcrumb","itemListElement":[{"@type":"ListItem","position":1,"name":"Home","item":"https:\/\/www.digitrust.nl\/"},{"@type":"ListItem","position":2,"name":"Trainingen","item":"https:\/\/www.digitrust.nl\/trainingen\/"},{"@type":"ListItem","position":3,"name":"ISO 27017 Training"}]},{"@type":"WebSite","@id":"https:\/\/www.digitrust.nl\/#website","url":"https:\/\/www.digitrust.nl\/","name":"DigiTrust","description":"Zertifizierungen","publisher":{"@id":"https:\/\/www.digitrust.nl\/#organization"},"potentialAction":[{"@type":"SearchAction","target":{"@type":"EntryPoint","urlTemplate":"https:\/\/www.digitrust.nl\/?s={search_term_string}"},"query-input":{"@type":"PropertyValueSpecification","valueRequired":true,"valueName":"search_term_string"}}],"inLanguage":"de"},{"@type":"Organization","@id":"https:\/\/www.digitrust.nl\/#organization","name":"DigiTrust","url":"https:\/\/www.digitrust.nl\/","logo":{"@type":"ImageObject","inLanguage":"de","@id":"https:\/\/www.digitrust.nl\/#\/schema\/logo\/image\/","url":"https:\/\/www.digitrust.nl\/wp-content\/uploads\/2022\/05\/digitrust-favicon.jpg","contentUrl":"https:\/\/www.digitrust.nl\/wp-content\/uploads\/2022\/05\/digitrust-favicon.jpg","width":341,"height":341,"caption":"DigiTrust"},"image":{"@id":"https:\/\/www.digitrust.nl\/#\/schema\/logo\/image\/"},"sameAs":["https:\/\/nl.linkedin.com\/company\/digitrust"]}]}},"_links":{"self":[{"href":"https:\/\/www.digitrust.nl\/de\/wp-json\/wp\/v2\/pages\/12060","targetHints":{"allow":["GET"]}}],"collection":[{"href":"https:\/\/www.digitrust.nl\/de\/wp-json\/wp\/v2\/pages"}],"about":[{"href":"https:\/\/www.digitrust.nl\/de\/wp-json\/wp\/v2\/types\/page"}],"author":[{"embeddable":true,"href":"https:\/\/www.digitrust.nl\/de\/wp-json\/wp\/v2\/users\/29"}],"replies":[{"embeddable":true,"href":"https:\/\/www.digitrust.nl\/de\/wp-json\/wp\/v2\/comments?post=12060"}],"version-history":[{"count":17,"href":"https:\/\/www.digitrust.nl\/de\/wp-json\/wp\/v2\/pages\/12060\/revisions"}],"predecessor-version":[{"id":26173,"href":"https:\/\/www.digitrust.nl\/de\/wp-json\/wp\/v2\/pages\/12060\/revisions\/26173"}],"up":[{"embeddable":true,"href":"https:\/\/www.digitrust.nl\/de\/wp-json\/wp\/v2\/pages\/333"}],"wp:attachment":[{"href":"https:\/\/www.digitrust.nl\/de\/wp-json\/wp\/v2\/media?parent=12060"}],"wp:term":[{"taxonomy":"folder","embeddable":true,"href":"https:\/\/www.digitrust.nl\/de\/wp-json\/wp\/v2\/folder?post=12060"}],"curies":[{"name":"wp","href":"https:\/\/api.w.org\/{rel}","templated":true}]}}